{"id":883,"date":"2022-05-11T00:49:49","date_gmt":"2022-05-11T04:49:49","guid":{"rendered":"https:\/\/ipacready.ca\/?post_type=product&#038;p=883"},"modified":"2022-06-01T18:40:52","modified_gmt":"2022-06-01T22:40:52","slug":"hand-sanitizing-posters","status":"publish","type":"product","link":"https:\/\/ipacready.ca\/fr\/all-resources\/hand-sanitizing-posters\/","title":{"rendered":"Hand Sanitizing Posters"},"content":{"rendered":"<p><strong>English<\/strong><\/p>\n\n<!-- G\u00e9n\u00e9ration r\u00e9alis\u00e9e avec Document Gallery. Obtenez votre version ici :http:\/\/wordpress.org\/extend\/plugins\/document-gallery -->\n<div id=\"document-gallery-1\" class=\"document-gallery\" data-shortcode='{\"id\":883,\"include\":\"580\",\"exclude\":\"\",\"columns\":1,\"order\":\"DESC\",\"orderby\":\"post__in\",\"relation\":\"AND\",\"limit\":-1,\"mime_types\":\"application,video,text,audio,image\",\"paginate\":true,\"post_status\":\"any\",\"post_type\":\"attachment\",\"attachment_pg\":false,\"descriptions\":false,\"fancy\":false,\"new_window\":false,\"skip\":0}' data-icon-width='99'>\n<div class='document-icon-row'>\n   <div class=\"document-icon\">\n      <a href=\"https:\/\/ipacready.ca\/wp-content\/uploads\/2022\/05\/handsanitizing-poster_EN.png\" target=\"_self\">\n         <img decoding=\"async\" src=\"https:\/\/ipacready.ca\/wp-content\/uploads\/2022\/05\/handsanitizing-poster_EN-300x300.png\" title=\"handsanitizing poster_EN\" alt=\"handsanitizing poster_EN\" data-ext=\"png\"\/>\n         <span class=\"title\">handsanitizing poster_EN<\/span>\n      <\/a>\n   <\/div>\n\n<\/div>\n<\/div>\n<p>&nbsp;<\/p>\n<p><strong>French<\/strong><\/p>\n\n<!-- G\u00e9n\u00e9ration r\u00e9alis\u00e9e avec Document Gallery. Obtenez votre version ici :http:\/\/wordpress.org\/extend\/plugins\/document-gallery -->\n<div id=\"document-gallery-2\" class=\"document-gallery\" data-shortcode='{\"id\":883,\"include\":\"581\",\"exclude\":\"\",\"columns\":1,\"order\":\"DESC\",\"orderby\":\"post__in\",\"relation\":\"AND\",\"limit\":-1,\"mime_types\":\"application,video,text,audio,image\",\"paginate\":true,\"post_status\":\"any\",\"post_type\":\"attachment\",\"attachment_pg\":false,\"descriptions\":false,\"fancy\":false,\"new_window\":false,\"skip\":0}' data-icon-width='99'>\n<div class='document-icon-row'>\n   <div class=\"document-icon\">\n      <a href=\"https:\/\/ipacready.ca\/wp-content\/uploads\/2022\/05\/handsanitizing-poster_FR.png\" target=\"_self\">\n         <img decoding=\"async\" src=\"https:\/\/ipacready.ca\/wp-content\/uploads\/2022\/05\/handsanitizing-poster_FR-300x300.png\" title=\"handsanitizing poster_FR\" alt=\"handsanitizing poster_FR\" data-ext=\"png\"\/>\n         <span class=\"title\">handsanitizing poster_FR<\/span>\n      <\/a>\n   <\/div>\n\n<\/div>\n<\/div>\n","protected":false},"excerpt":{"rendered":"<p>English &nbsp; French<\/p>\n","protected":false},"featured_media":108,"template":"","meta":{"_acf_changed":false},"product_brand":[],"product_cat":[82],"product_tag":[],"class_list":{"0":"post-883","1":"product","2":"type-product","3":"status-publish","4":"has-post-thumbnail","6":"product_cat-ipac-routine-practices","8":"first","9":"instock","10":"shipping-taxable","11":"product-type-simple"},"acf":[],"_links":{"self":[{"href":"https:\/\/ipacready.ca\/fr\/wp-json\/wp\/v2\/product\/883","targetHints":{"allow":["GET"]}}],"collection":[{"href":"https:\/\/ipacready.ca\/fr\/wp-json\/wp\/v2\/product"}],"about":[{"href":"https:\/\/ipacready.ca\/fr\/wp-json\/wp\/v2\/types\/product"}],"wp:featuredmedia":[{"embeddable":true,"href":"https:\/\/ipacready.ca\/fr\/wp-json\/wp\/v2\/media\/108"}],"wp:attachment":[{"href":"https:\/\/ipacready.ca\/fr\/wp-json\/wp\/v2\/media?parent=883"}],"wp:term":[{"taxonomy":"product_brand","embeddable":true,"href":"https:\/\/ipacready.ca\/fr\/wp-json\/wp\/v2\/product_brand?post=883"},{"taxonomy":"product_cat","embeddable":true,"href":"https:\/\/ipacready.ca\/fr\/wp-json\/wp\/v2\/product_cat?post=883"},{"taxonomy":"product_tag","embeddable":true,"href":"https:\/\/ipacready.ca\/fr\/wp-json\/wp\/v2\/product_tag?post=883"}],"curies":[{"name":"wp","href":"https:\/\/api.w.org\/{rel}","templated":true}]}}