{"id":880,"date":"2022-05-11T00:46:35","date_gmt":"2022-05-11T04:46:35","guid":{"rendered":"https:\/\/ipacready.ca\/?post_type=product&#038;p=880"},"modified":"2022-05-28T16:20:46","modified_gmt":"2022-05-28T20:20:46","slug":"how-to-put-on-and-remove-ppe-steps-and-signage","status":"publish","type":"product","link":"https:\/\/ipacready.ca\/fr\/all-resources\/how-to-put-on-and-remove-ppe-steps-and-signage\/","title":{"rendered":"How to Put on and Remove PPE \u2013 Steps and Signage"},"content":{"rendered":"<p><strong>English<\/strong><\/p>\n\n<!-- G\u00e9n\u00e9ration r\u00e9alis\u00e9e avec Document Gallery. Obtenez votre version ici :http:\/\/wordpress.org\/extend\/plugins\/document-gallery -->\n<div id=\"document-gallery-1\" class=\"document-gallery\" data-shortcode='{\"id\":880,\"include\":\"584,585,582,583\",\"exclude\":\"\",\"columns\":1,\"order\":\"DESC\",\"orderby\":\"post__in\",\"relation\":\"AND\",\"limit\":-1,\"mime_types\":\"application,video,text,audio,image\",\"paginate\":true,\"post_status\":\"any\",\"post_type\":\"attachment\",\"attachment_pg\":false,\"descriptions\":false,\"fancy\":false,\"new_window\":false,\"skip\":0}' data-icon-width='99'>\n<div class='document-icon-row'>\n   <div class=\"document-icon\">\n      <a href=\"https:\/\/ipacready.ca\/wp-content\/uploads\/2022\/05\/Signage_How-to-Don-PPE_EN.png\" target=\"_self\">\n         <img decoding=\"async\" src=\"https:\/\/ipacready.ca\/wp-content\/uploads\/2022\/05\/Signage_How-to-Don-PPE_EN-300x300.png\" title=\"Signage_How to Don PPE_EN\" alt=\"Signage_How to Don PPE_EN\" data-ext=\"png\"\/>\n         <span class=\"title\">Signage_How to Don PPE_EN<\/span>\n      <\/a>\n   <\/div>\n\n<\/div>\n<div class='document-icon-row'>\n   <div class=\"document-icon\">\n      <a href=\"https:\/\/ipacready.ca\/wp-content\/uploads\/2022\/05\/Signage_How-to-Doff-PPE_EN.png\" target=\"_self\">\n         <img decoding=\"async\" src=\"https:\/\/ipacready.ca\/wp-content\/uploads\/2022\/05\/Signage_How-to-Doff-PPE_EN-300x300.png\" title=\"Signage_How to Doff PPE_EN\" alt=\"Signage_How to Doff PPE_EN\" data-ext=\"png\"\/>\n         <span class=\"title\">Signage_How to Doff PPE_EN<\/span>\n      <\/a>\n   <\/div>\n\n<\/div>\n<div class='document-icon-row'>\n   <div class=\"document-icon\">\n      <a href=\"https:\/\/ipacready.ca\/wp-content\/uploads\/2022\/05\/Putting-on-PPE.png\" target=\"_self\">\n         <img decoding=\"async\" src=\"https:\/\/ipacready.ca\/wp-content\/uploads\/2022\/05\/Putting-on-PPE-300x300.png\" title=\"Putting on PPE\" alt=\"Putting on PPE\" data-ext=\"png\"\/>\n         <span class=\"title\">Putting on PPE<\/span>\n      <\/a>\n   <\/div>\n\n<\/div>\n<div class='document-icon-row'>\n   <div class=\"document-icon\">\n      <a href=\"https:\/\/ipacready.ca\/wp-content\/uploads\/2022\/05\/Taking-off-PPE.png\" target=\"_self\">\n         <img decoding=\"async\" src=\"https:\/\/ipacready.ca\/wp-content\/uploads\/2022\/05\/Taking-off-PPE-300x300.png\" title=\"Taking off PPE\" alt=\"Taking off PPE\" data-ext=\"png\"\/>\n         <span class=\"title\">Taking off PPE<\/span>\n      <\/a>\n   <\/div>\n\n<\/div>\n<\/div>\n<p>&nbsp;<\/p>\n<p><strong>French<\/strong><\/p>\n\n<!-- G\u00e9n\u00e9ration r\u00e9alis\u00e9e avec Document Gallery. Obtenez votre version ici :http:\/\/wordpress.org\/extend\/plugins\/document-gallery -->\n<div id=\"document-gallery-2\" class=\"document-gallery\" data-shortcode='{\"id\":880,\"include\":\"1057,1058,575\",\"exclude\":\"\",\"columns\":1,\"order\":\"DESC\",\"orderby\":\"post__in\",\"relation\":\"AND\",\"limit\":-1,\"mime_types\":\"application,video,text,audio,image\",\"paginate\":true,\"post_status\":\"any\",\"post_type\":\"attachment\",\"attachment_pg\":false,\"descriptions\":false,\"fancy\":false,\"new_window\":false,\"skip\":0}' data-icon-width='99'>\n<div class='document-icon-row'>\n   <div class=\"document-icon\">\n      <a href=\"https:\/\/ipacready.ca\/wp-content\/uploads\/2022\/05\/Comment-Enlever-LEquipment-de-Protection-Individuelle.pdf\" target=\"_self\">\n         <img decoding=\"async\" src=\"https:\/\/ipacready.ca\/wp-content\/plugins\/document-gallery\/assets\/icons\/pdf.png\" title=\"Comment Enlever L\u2019Equipment de Protection Individuelle\" alt=\"Comment Enlever L\u2019Equipment de Protection Individuelle\" data-ext=\"pdf\"\/>\n         <span class=\"title\">Comment Enlever L\u2019Equipment de Protection Individuelle<\/span>\n      <\/a>\n   <\/div>\n\n<\/div>\n<div class='document-icon-row'>\n   <div class=\"document-icon\">\n      <a href=\"https:\/\/ipacready.ca\/wp-content\/uploads\/2022\/05\/Comment-Mettre-LEquipment-de-Protection-Individuelle.pdf\" target=\"_self\">\n         <img decoding=\"async\" src=\"https:\/\/ipacready.ca\/wp-content\/plugins\/document-gallery\/assets\/icons\/pdf.png\" title=\"Comment Mettre L\u2019Equipment de Protection Individuelle\" alt=\"Comment Mettre L\u2019Equipment de Protection Individuelle\" data-ext=\"pdf\"\/>\n         <span class=\"title\">Comment Mettre L\u2019Equipment de Protection Individuelle<\/span>\n      <\/a>\n   <\/div>\n\n<\/div>\n<div class='document-icon-row'>\n   <div class=\"document-icon\">\n      <a href=\"https:\/\/ipacready.ca\/wp-content\/uploads\/2022\/05\/ppe-recommended-steps-French.pdf\" target=\"_self\">\n         <img decoding=\"async\" src=\"https:\/\/ipacready.ca\/wp-content\/plugins\/document-gallery\/assets\/icons\/pdf.png\" title=\"ppe-recommended-steps French\" alt=\"ppe-recommended-steps French\" data-ext=\"pdf\"\/>\n         <span class=\"title\">ppe-recommended-steps French<\/span>\n      <\/a>\n   <\/div>\n\n<\/div>\n<\/div>\n<p>&nbsp;<\/p>\n<p>&nbsp;<\/p>\n","protected":false},"excerpt":{"rendered":"<p>English &nbsp; French &nbsp; &nbsp;<\/p>\n","protected":false},"featured_media":1613,"template":"","meta":{"_acf_changed":false},"product_brand":[],"product_cat":[82],"product_tag":[],"class_list":{"0":"post-880","1":"product","2":"type-product","3":"status-publish","4":"has-post-thumbnail","6":"product_cat-ipac-routine-practices","8":"first","9":"instock","10":"shipping-taxable","11":"product-type-simple"},"acf":[],"_links":{"self":[{"href":"https:\/\/ipacready.ca\/fr\/wp-json\/wp\/v2\/product\/880","targetHints":{"allow":["GET"]}}],"collection":[{"href":"https:\/\/ipacready.ca\/fr\/wp-json\/wp\/v2\/product"}],"about":[{"href":"https:\/\/ipacready.ca\/fr\/wp-json\/wp\/v2\/types\/product"}],"wp:featuredmedia":[{"embeddable":true,"href":"https:\/\/ipacready.ca\/fr\/wp-json\/wp\/v2\/media\/1613"}],"wp:attachment":[{"href":"https:\/\/ipacready.ca\/fr\/wp-json\/wp\/v2\/media?parent=880"}],"wp:term":[{"taxonomy":"product_brand","embeddable":true,"href":"https:\/\/ipacready.ca\/fr\/wp-json\/wp\/v2\/product_brand?post=880"},{"taxonomy":"product_cat","embeddable":true,"href":"https:\/\/ipacready.ca\/fr\/wp-json\/wp\/v2\/product_cat?post=880"},{"taxonomy":"product_tag","embeddable":true,"href":"https:\/\/ipacready.ca\/fr\/wp-json\/wp\/v2\/product_tag?post=880"}],"curies":[{"name":"wp","href":"https:\/\/api.w.org\/{rel}","templated":true}]}}