{"id":801,"date":"2022-05-10T23:09:01","date_gmt":"2022-05-11T03:09:01","guid":{"rendered":"https:\/\/ipacready.ca\/?post_type=product&#038;p=801"},"modified":"2022-06-13T11:43:20","modified_gmt":"2022-06-13T15:43:20","slug":"lets-get-t-o-kids-vaccinated","status":"publish","type":"product","link":"https:\/\/ipacready.ca\/fr\/all-resources\/lets-get-t-o-kids-vaccinated\/","title":{"rendered":"Let&rsquo;s Get T.O. Kids Vaccinated"},"content":{"rendered":"<p><strong>English Option 1<\/strong><\/p>\n\n<!-- G\u00e9n\u00e9ration r\u00e9alis\u00e9e avec Document Gallery. Obtenez votre version ici :http:\/\/wordpress.org\/extend\/plugins\/document-gallery -->\n<div id=\"document-gallery-1\" class=\"document-gallery\" data-shortcode='{\"id\":801,\"include\":\"485\",\"exclude\":\"\",\"columns\":1,\"order\":\"DESC\",\"orderby\":\"post__in\",\"relation\":\"AND\",\"limit\":-1,\"mime_types\":\"application,video,text,audio,image\",\"paginate\":true,\"post_status\":\"any\",\"post_type\":\"attachment\",\"attachment_pg\":false,\"descriptions\":false,\"fancy\":true,\"new_window\":false,\"skip\":0}' data-icon-width='99'>\n<div class='document-icon-row'>\n   <div class=\"document-icon\">\n      <a href=\"https:\/\/ipacready.ca\/wp-content\/uploads\/2022\/05\/8330-DS-21-0337TOKidsWebsiteFilesDigital8.5x1102.pdf\" target=\"_self\">\n         <img decoding=\"async\" src=\"https:\/\/ipacready.ca\/wp-content\/uploads\/2022\/05\/8330-DS-21-0337TOKidsWebsiteFilesDigital8-5x1102-thumb.png\" title=\"8330-DS-21-0337TOKidsWebsiteFilesDigital8.5&#215;1102\" alt=\"8330-DS-21-0337TOKidsWebsiteFilesDigital8.5&#215;1102\" data-ext=\"pdf\"\/>\n         <span class=\"title\">8330-DS-21-0337TOKidsWebsiteFilesDigital8.5&#215;1102<\/span>\n      <\/a>\n   <\/div>\n\n<\/div>\n<\/div>\n<p>&nbsp;<\/p>\n<p>&nbsp;<\/p>\n<p><strong>English Option 2<\/strong><\/p>\n\n<!-- G\u00e9n\u00e9ration r\u00e9alis\u00e9e avec Document Gallery. Obtenez votre version ici :http:\/\/wordpress.org\/extend\/plugins\/document-gallery -->\n<div id=\"document-gallery-2\" class=\"document-gallery\" data-shortcode='{\"id\":801,\"include\":\"487\",\"exclude\":\"\",\"columns\":1,\"order\":\"DESC\",\"orderby\":\"post__in\",\"relation\":\"AND\",\"limit\":-1,\"mime_types\":\"application,video,text,audio,image\",\"paginate\":true,\"post_status\":\"any\",\"post_type\":\"attachment\",\"attachment_pg\":false,\"descriptions\":false,\"fancy\":true,\"new_window\":false,\"skip\":0}' data-icon-width='99'>\n<div class='document-icon-row'>\n   <div class=\"document-icon\">\n      <a href=\"https:\/\/ipacready.ca\/wp-content\/uploads\/2022\/05\/9258-DS-21-0337TOKidsWebsiteFilesDigital11x8.502.pdf\" target=\"_self\">\n         <img decoding=\"async\" src=\"https:\/\/ipacready.ca\/wp-content\/uploads\/2022\/05\/9258-DS-21-0337TOKidsWebsiteFilesDigital11x8-502-thumb.png\" title=\"9258-DS-21-0337TOKidsWebsiteFilesDigital11x8.502\" alt=\"9258-DS-21-0337TOKidsWebsiteFilesDigital11x8.502\" data-ext=\"pdf\"\/>\n         <span class=\"title\">9258-DS-21-0337TOKidsWebsiteFilesDigital11x8.502<\/span>\n      <\/a>\n   <\/div>\n\n<\/div>\n<\/div>\n<p>&nbsp;<\/p>\n<p><strong>English Option 3<\/strong><\/p>\n\n<!-- G\u00e9n\u00e9ration r\u00e9alis\u00e9e avec Document Gallery. Obtenez votre version ici :http:\/\/wordpress.org\/extend\/plugins\/document-gallery -->\n<div id=\"document-gallery-3\" class=\"document-gallery\" data-shortcode='{\"id\":801,\"include\":\"486\",\"exclude\":\"\",\"columns\":1,\"order\":\"DESC\",\"orderby\":\"post__in\",\"relation\":\"AND\",\"limit\":-1,\"mime_types\":\"application,video,text,audio,image\",\"paginate\":true,\"post_status\":\"any\",\"post_type\":\"attachment\",\"attachment_pg\":false,\"descriptions\":false,\"fancy\":true,\"new_window\":false,\"skip\":0}' data-icon-width='99'>\n<div class='document-icon-row'>\n   <div class=\"document-icon\">\n      <a href=\"https:\/\/ipacready.ca\/wp-content\/uploads\/2022\/05\/9232-DS-21-0337TOKidsWebsiteFilesDigital8.5x1101.pdf\" target=\"_self\">\n         <img decoding=\"async\" src=\"https:\/\/ipacready.ca\/wp-content\/uploads\/2022\/05\/9232-DS-21-0337TOKidsWebsiteFilesDigital8-5x1101-thumb.png\" title=\"9232-DS-21-0337TOKidsWebsiteFilesDigital8.5&#215;1101\" alt=\"9232-DS-21-0337TOKidsWebsiteFilesDigital8.5&#215;1101\" data-ext=\"pdf\"\/>\n         <span class=\"title\">9232-DS-21-0337TOKidsWebsiteFilesDigital8.5&#215;1101<\/span>\n      <\/a>\n   <\/div>\n\n<\/div>\n<\/div>\n<p>&nbsp;<\/p>\n","protected":false},"excerpt":{"rendered":"<p>English Option 1 &nbsp; &nbsp; English Option 2 &nbsp; English Option 3 &nbsp;<\/p>\n","protected":false},"featured_media":103,"template":"","meta":{"_acf_changed":false},"product_brand":[],"product_cat":[73],"product_tag":[],"class_list":{"0":"post-801","1":"product","2":"type-product","3":"status-publish","4":"has-post-thumbnail","6":"product_cat-fact-sheets","8":"first","9":"instock","10":"shipping-taxable","11":"product-type-simple"},"acf":[],"_links":{"self":[{"href":"https:\/\/ipacready.ca\/fr\/wp-json\/wp\/v2\/product\/801","targetHints":{"allow":["GET"]}}],"collection":[{"href":"https:\/\/ipacready.ca\/fr\/wp-json\/wp\/v2\/product"}],"about":[{"href":"https:\/\/ipacready.ca\/fr\/wp-json\/wp\/v2\/types\/product"}],"wp:featuredmedia":[{"embeddable":true,"href":"https:\/\/ipacready.ca\/fr\/wp-json\/wp\/v2\/media\/103"}],"wp:attachment":[{"href":"https:\/\/ipacready.ca\/fr\/wp-json\/wp\/v2\/media?parent=801"}],"wp:term":[{"taxonomy":"product_brand","embeddable":true,"href":"https:\/\/ipacready.ca\/fr\/wp-json\/wp\/v2\/product_brand?post=801"},{"taxonomy":"product_cat","embeddable":true,"href":"https:\/\/ipacready.ca\/fr\/wp-json\/wp\/v2\/product_cat?post=801"},{"taxonomy":"product_tag","embeddable":true,"href":"https:\/\/ipacready.ca\/fr\/wp-json\/wp\/v2\/product_tag?post=801"}],"curies":[{"name":"wp","href":"https:\/\/api.w.org\/{rel}","templated":true}]}}