{"id":722,"date":"2022-05-10T20:12:19","date_gmt":"2022-05-11T00:12:19","guid":{"rendered":"https:\/\/ipacready.ca\/?post_type=product&#038;p=722"},"modified":"2022-06-02T01:41:12","modified_gmt":"2022-06-02T05:41:12","slug":"fact-sheet-masks-for-source-control-in-non-healthcare-workers","status":"publish","type":"product","link":"https:\/\/ipacready.ca\/fr\/all-resources\/fact-sheet-masks-for-source-control-in-non-healthcare-workers\/","title":{"rendered":"Fact Sheet &#8211; Masks for Source Control in Non-Healthcare Workers"},"content":{"rendered":"<p><strong>English<\/strong><\/p>\n\n<!-- G\u00e9n\u00e9ration r\u00e9alis\u00e9e avec Document Gallery. Obtenez votre version ici :http:\/\/wordpress.org\/extend\/plugins\/document-gallery -->\n<div id=\"document-gallery-1\" class=\"document-gallery\" data-shortcode='{\"id\":722,\"include\":\"523\",\"exclude\":\"\",\"columns\":1,\"order\":\"DESC\",\"orderby\":\"post__in\",\"relation\":\"AND\",\"limit\":-1,\"mime_types\":\"application,video,text,audio,image\",\"paginate\":true,\"post_status\":\"any\",\"post_type\":\"attachment\",\"attachment_pg\":false,\"descriptions\":false,\"fancy\":false,\"new_window\":false,\"skip\":0}' data-icon-width='99'>\n<div class='document-icon-row'>\n   <div class=\"document-icon\">\n      <a href=\"https:\/\/ipacready.ca\/wp-content\/uploads\/2022\/05\/factsheet-covid-19-masks-not-healthcare.pdf\" target=\"_self\">\n         <img decoding=\"async\" src=\"https:\/\/ipacready.ca\/wp-content\/plugins\/document-gallery\/assets\/icons\/pdf.png\" title=\"factsheet-covid-19-masks-not-healthcare\" alt=\"factsheet-covid-19-masks-not-healthcare\" data-ext=\"pdf\"\/>\n         <span class=\"title\">factsheet-covid-19-masks-not-healthcare<\/span>\n      <\/a>\n   <\/div>\n\n<\/div>\n<\/div>\n<p>&nbsp;<\/p>\n","protected":false},"excerpt":{"rendered":"<p>English &nbsp;<\/p>\n","protected":false},"featured_media":115,"template":"","meta":{"_acf_changed":false},"product_brand":[],"product_cat":[66],"product_tag":[],"class_list":{"0":"post-722","1":"product","2":"type-product","3":"status-publish","4":"has-post-thumbnail","6":"product_cat-ppe","8":"first","9":"instock","10":"shipping-taxable","11":"product-type-simple"},"acf":[],"_links":{"self":[{"href":"https:\/\/ipacready.ca\/fr\/wp-json\/wp\/v2\/product\/722","targetHints":{"allow":["GET"]}}],"collection":[{"href":"https:\/\/ipacready.ca\/fr\/wp-json\/wp\/v2\/product"}],"about":[{"href":"https:\/\/ipacready.ca\/fr\/wp-json\/wp\/v2\/types\/product"}],"wp:featuredmedia":[{"embeddable":true,"href":"https:\/\/ipacready.ca\/fr\/wp-json\/wp\/v2\/media\/115"}],"wp:attachment":[{"href":"https:\/\/ipacready.ca\/fr\/wp-json\/wp\/v2\/media?parent=722"}],"wp:term":[{"taxonomy":"product_brand","embeddable":true,"href":"https:\/\/ipacready.ca\/fr\/wp-json\/wp\/v2\/product_brand?post=722"},{"taxonomy":"product_cat","embeddable":true,"href":"https:\/\/ipacready.ca\/fr\/wp-json\/wp\/v2\/product_cat?post=722"},{"taxonomy":"product_tag","embeddable":true,"href":"https:\/\/ipacready.ca\/fr\/wp-json\/wp\/v2\/product_tag?post=722"}],"curies":[{"name":"wp","href":"https:\/\/api.w.org\/{rel}","templated":true}]}}