{"id":684,"date":"2021-09-10T15:50:52","date_gmt":"2021-09-10T19:50:52","guid":{"rendered":"https:\/\/ipacready.ca\/?post_type=product&#038;p=684"},"modified":"2022-06-02T01:20:12","modified_gmt":"2022-06-02T05:20:12","slug":"covid-19-guidance-for-mccss-funded-and-licensed-congregate-living-settings-sep-2021","status":"publish","type":"product","link":"https:\/\/ipacready.ca\/fr\/all-resources\/covid-19-guidance-for-mccss-funded-and-licensed-congregate-living-settings-sep-2021\/","title":{"rendered":"MCCSS &#8211; COVID-19 Guidance for MCCSS-funded and Licensed Congregate Living Settings Sep 2021"},"content":{"rendered":"<p><strong>English<\/strong><\/p>\n\n<!-- G\u00e9n\u00e9ration r\u00e9alis\u00e9e avec Document Gallery. Obtenez votre version ici :http:\/\/wordpress.org\/extend\/plugins\/document-gallery -->\n<div id=\"document-gallery-1\" class=\"document-gallery\" data-shortcode='{\"id\":684,\"include\":\"558\",\"exclude\":\"\",\"columns\":1,\"order\":\"DESC\",\"orderby\":\"post__in\",\"relation\":\"AND\",\"limit\":-1,\"mime_types\":\"application,video,text,audio,image\",\"paginate\":true,\"post_status\":\"any\",\"post_type\":\"attachment\",\"attachment_pg\":false,\"descriptions\":false,\"fancy\":false,\"new_window\":false,\"skip\":0}' data-icon-width='99'>\n<div class='document-icon-row'>\n   <div class=\"document-icon\">\n      <a href=\"https:\/\/ipacready.ca\/wp-content\/uploads\/2022\/05\/COVID-19-Guidance-for-MCCSS-funded-and-Licensed-Congregate-Living-Settings14Sep21.pdf\" target=\"_self\">\n         <img decoding=\"async\" src=\"https:\/\/ipacready.ca\/wp-content\/plugins\/document-gallery\/assets\/icons\/pdf.png\" title=\"COVID-19 Guidance for MCCSS-funded and Licensed Congregate Living Settings14Sep21\" alt=\"COVID-19 Guidance for MCCSS-funded and Licensed Congregate Living Settings14Sep21\" data-ext=\"pdf\"\/>\n         <span class=\"title\">COVID-19 Guidance for MCCSS-funded and Licensed Congregate Living Settings14Sep21<\/span>\n      <\/a>\n   <\/div>\n\n<\/div>\n<\/div>\n<p>&nbsp;<\/p>\n","protected":false},"excerpt":{"rendered":"<p>English &nbsp;<\/p>\n","protected":false},"featured_media":109,"template":"","meta":{"_acf_changed":false},"product_brand":[],"product_cat":[57],"product_tag":[],"class_list":{"0":"post-684","1":"product","2":"type-product","3":"status-publish","4":"has-post-thumbnail","6":"product_cat-directives-and-guidelines","8":"first","9":"instock","10":"shipping-taxable","11":"product-type-simple"},"acf":[],"_links":{"self":[{"href":"https:\/\/ipacready.ca\/fr\/wp-json\/wp\/v2\/product\/684","targetHints":{"allow":["GET"]}}],"collection":[{"href":"https:\/\/ipacready.ca\/fr\/wp-json\/wp\/v2\/product"}],"about":[{"href":"https:\/\/ipacready.ca\/fr\/wp-json\/wp\/v2\/types\/product"}],"wp:featuredmedia":[{"embeddable":true,"href":"https:\/\/ipacready.ca\/fr\/wp-json\/wp\/v2\/media\/109"}],"wp:attachment":[{"href":"https:\/\/ipacready.ca\/fr\/wp-json\/wp\/v2\/media?parent=684"}],"wp:term":[{"taxonomy":"product_brand","embeddable":true,"href":"https:\/\/ipacready.ca\/fr\/wp-json\/wp\/v2\/product_brand?post=684"},{"taxonomy":"product_cat","embeddable":true,"href":"https:\/\/ipacready.ca\/fr\/wp-json\/wp\/v2\/product_cat?post=684"},{"taxonomy":"product_tag","embeddable":true,"href":"https:\/\/ipacready.ca\/fr\/wp-json\/wp\/v2\/product_tag?post=684"}],"curies":[{"name":"wp","href":"https:\/\/api.w.org\/{rel}","templated":true}]}}