{"id":676,"date":"2022-05-10T12:47:42","date_gmt":"2022-05-10T16:47:42","guid":{"rendered":"https:\/\/ipacready.ca\/?post_type=product&#038;p=676"},"modified":"2022-06-02T00:48:56","modified_gmt":"2022-06-02T04:48:56","slug":"mccss-interim-direction-youth-justice-services-custody-and-detention-facilities-apr-2022","status":"publish","type":"product","link":"https:\/\/ipacready.ca\/fr\/all-resources\/mccss-interim-direction-youth-justice-services-custody-and-detention-facilities-apr-2022\/","title":{"rendered":"MCCSS &#8211; Interim Direction Youth Justice Services Custody and Detention Facilities Apr 2022"},"content":{"rendered":"<p><strong>English<\/strong><\/p>\n\n<!-- G\u00e9n\u00e9ration r\u00e9alis\u00e9e avec Document Gallery. Obtenez votre version ici :http:\/\/wordpress.org\/extend\/plugins\/document-gallery -->\n<div id=\"document-gallery-1\" class=\"document-gallery\" data-shortcode='{\"id\":676,\"include\":\"567\",\"exclude\":\"\",\"columns\":1,\"order\":\"DESC\",\"orderby\":\"post__in\",\"relation\":\"AND\",\"limit\":-1,\"mime_types\":\"application,video,text,audio,image\",\"paginate\":true,\"post_status\":\"any\",\"post_type\":\"attachment\",\"attachment_pg\":false,\"descriptions\":false,\"fancy\":false,\"new_window\":false,\"skip\":0}' data-icon-width='99'>\n<div class='document-icon-row'>\n   <div class=\"document-icon\">\n      <a href=\"https:\/\/ipacready.ca\/wp-content\/uploads\/2022\/05\/EN-INTERIM-DIRECTION_YJ_APR2022_FINAL.pdf\" target=\"_self\">\n         <img decoding=\"async\" src=\"https:\/\/ipacready.ca\/wp-content\/plugins\/document-gallery\/assets\/icons\/pdf.png\" title=\"EN INTERIM DIRECTION_YJ_APR2022_FINAL\" alt=\"EN INTERIM DIRECTION_YJ_APR2022_FINAL\" data-ext=\"pdf\"\/>\n         <span class=\"title\">EN INTERIM DIRECTION_YJ_APR2022_FINAL<\/span>\n      <\/a>\n   <\/div>\n\n<\/div>\n<\/div>\n<p>&nbsp;<\/p>\n<p>&nbsp;<\/p>\n<p><strong>French<\/strong><\/p>\n\n<!-- G\u00e9n\u00e9ration r\u00e9alis\u00e9e avec Document Gallery. Obtenez votre version ici :http:\/\/wordpress.org\/extend\/plugins\/document-gallery -->\n<div id=\"document-gallery-2\" class=\"document-gallery\" data-shortcode='{\"id\":676,\"include\":\"568\",\"exclude\":\"\",\"columns\":1,\"order\":\"DESC\",\"orderby\":\"post__in\",\"relation\":\"AND\",\"limit\":-1,\"mime_types\":\"application,video,text,audio,image\",\"paginate\":true,\"post_status\":\"any\",\"post_type\":\"attachment\",\"attachment_pg\":false,\"descriptions\":false,\"fancy\":false,\"new_window\":false,\"skip\":0}' data-icon-width='99'>\n<div class='document-icon-row'>\n   <div class=\"document-icon\">\n      <a href=\"https:\/\/ipacready.ca\/wp-content\/uploads\/2022\/05\/FR-INTERIM-DIRECTION_YJ_APR2022.pdf\" target=\"_self\">\n         <img decoding=\"async\" src=\"https:\/\/ipacready.ca\/wp-content\/plugins\/document-gallery\/assets\/icons\/pdf.png\" title=\"FR INTERIM DIRECTION_YJ_APR2022\" alt=\"FR INTERIM DIRECTION_YJ_APR2022\" data-ext=\"pdf\"\/>\n         <span class=\"title\">FR INTERIM DIRECTION_YJ_APR2022<\/span>\n      <\/a>\n   <\/div>\n\n<\/div>\n<\/div>\n<p>&nbsp;<\/p>\n","protected":false},"excerpt":{"rendered":"<p>English &nbsp; &nbsp; French &nbsp;<\/p>\n","protected":false},"featured_media":109,"template":"","meta":{"_acf_changed":false},"product_brand":[],"product_cat":[57],"product_tag":[],"class_list":{"0":"post-676","1":"product","2":"type-product","3":"status-publish","4":"has-post-thumbnail","6":"product_cat-directives-and-guidelines","8":"first","9":"instock","10":"shipping-taxable","11":"product-type-simple"},"acf":[],"_links":{"self":[{"href":"https:\/\/ipacready.ca\/fr\/wp-json\/wp\/v2\/product\/676","targetHints":{"allow":["GET"]}}],"collection":[{"href":"https:\/\/ipacready.ca\/fr\/wp-json\/wp\/v2\/product"}],"about":[{"href":"https:\/\/ipacready.ca\/fr\/wp-json\/wp\/v2\/types\/product"}],"wp:featuredmedia":[{"embeddable":true,"href":"https:\/\/ipacready.ca\/fr\/wp-json\/wp\/v2\/media\/109"}],"wp:attachment":[{"href":"https:\/\/ipacready.ca\/fr\/wp-json\/wp\/v2\/media?parent=676"}],"wp:term":[{"taxonomy":"product_brand","embeddable":true,"href":"https:\/\/ipacready.ca\/fr\/wp-json\/wp\/v2\/product_brand?post=676"},{"taxonomy":"product_cat","embeddable":true,"href":"https:\/\/ipacready.ca\/fr\/wp-json\/wp\/v2\/product_cat?post=676"},{"taxonomy":"product_tag","embeddable":true,"href":"https:\/\/ipacready.ca\/fr\/wp-json\/wp\/v2\/product_tag?post=676"}],"curies":[{"name":"wp","href":"https:\/\/api.w.org\/{rel}","templated":true}]}}