{"id":661,"date":"2022-05-10T11:50:56","date_gmt":"2022-05-10T15:50:56","guid":{"rendered":"https:\/\/ipacready.ca\/?post_type=product&#038;p=661"},"modified":"2022-06-02T12:02:32","modified_gmt":"2022-06-02T16:02:32","slug":"sickkids-mental-health-matters-presentation","status":"publish","type":"product","link":"https:\/\/ipacready.ca\/fr\/all-resources\/sickkids-mental-health-matters-presentation\/","title":{"rendered":"SickKids Mental Health Matters Presentation"},"content":{"rendered":"<p><strong>English<\/strong><\/p>\n\n<!-- G\u00e9n\u00e9ration r\u00e9alis\u00e9e avec Document Gallery. Obtenez votre version ici :http:\/\/wordpress.org\/extend\/plugins\/document-gallery -->\n<div id=\"document-gallery-1\" class=\"document-gallery\" data-shortcode='{\"id\":661,\"include\":\"481\",\"exclude\":\"\",\"columns\":1,\"order\":\"DESC\",\"orderby\":\"post__in\",\"relation\":\"AND\",\"limit\":-1,\"mime_types\":\"application,video,text,audio,image\",\"paginate\":true,\"post_status\":\"any\",\"post_type\":\"attachment\",\"attachment_pg\":false,\"descriptions\":false,\"fancy\":false,\"new_window\":false,\"skip\":0}' data-icon-width='99'>\n<div class='document-icon-row'>\n   <div class=\"document-icon\">\n      <a href=\"https:\/\/ipacready.ca\/wp-content\/uploads\/2022\/05\/VAW-December-2021.pptx\" target=\"_self\">\n         <img decoding=\"async\" src=\"https:\/\/ipacready.ca\/wp-content\/plugins\/document-gallery\/assets\/icons\/msppt.png\" title=\"VAW December 2021\" alt=\"VAW December 2021\" data-ext=\"pptx\"\/>\n         <span class=\"title\">VAW December 2021<\/span>\n      <\/a>\n   <\/div>\n\n<\/div>\n<\/div>\n<p><strong>Video<\/strong><\/p>\n<div style=\"width: 2560px;\" class=\"wp-video\"><video class=\"wp-video-shortcode\" id=\"video-661-1\" width=\"2560\" height=\"1440\" preload=\"metadata\" controls=\"controls\"><source type=\"video\/mp4\" src=\"https:\/\/ipacready.ca\/wp-content\/uploads\/2022\/05\/Mental-Health-Matters.mp4?_=1\" \/><a href=\"https:\/\/ipacready.ca\/wp-content\/uploads\/2022\/05\/Mental-Health-Matters.mp4\">https:\/\/ipacready.ca\/wp-content\/uploads\/2022\/05\/Mental-Health-Matters.mp4<\/a><\/video><\/div>\n","protected":false},"excerpt":{"rendered":"<p>English Video<\/p>\n","protected":false},"featured_media":114,"template":"","meta":{"_acf_changed":false},"product_brand":[],"product_cat":[54],"product_tag":[],"class_list":{"0":"post-661","1":"product","2":"type-product","3":"status-publish","4":"has-post-thumbnail","6":"product_cat-covid-19-educate","8":"first","9":"instock","10":"shipping-taxable","11":"product-type-simple"},"acf":[],"_links":{"self":[{"href":"https:\/\/ipacready.ca\/fr\/wp-json\/wp\/v2\/product\/661","targetHints":{"allow":["GET"]}}],"collection":[{"href":"https:\/\/ipacready.ca\/fr\/wp-json\/wp\/v2\/product"}],"about":[{"href":"https:\/\/ipacready.ca\/fr\/wp-json\/wp\/v2\/types\/product"}],"wp:featuredmedia":[{"embeddable":true,"href":"https:\/\/ipacready.ca\/fr\/wp-json\/wp\/v2\/media\/114"}],"wp:attachment":[{"href":"https:\/\/ipacready.ca\/fr\/wp-json\/wp\/v2\/media?parent=661"}],"wp:term":[{"taxonomy":"product_brand","embeddable":true,"href":"https:\/\/ipacready.ca\/fr\/wp-json\/wp\/v2\/product_brand?post=661"},{"taxonomy":"product_cat","embeddable":true,"href":"https:\/\/ipacready.ca\/fr\/wp-json\/wp\/v2\/product_cat?post=661"},{"taxonomy":"product_tag","embeddable":true,"href":"https:\/\/ipacready.ca\/fr\/wp-json\/wp\/v2\/product_tag?post=661"}],"curies":[{"name":"wp","href":"https:\/\/api.w.org\/{rel}","templated":true}]}}