{"id":2517,"date":"2022-06-12T22:16:03","date_gmt":"2022-06-13T02:16:03","guid":{"rendered":"https:\/\/ipacready.ca\/?post_type=product&#038;p=2517"},"modified":"2022-06-12T22:16:38","modified_gmt":"2022-06-13T02:16:38","slug":"vaccine-hesitancy-factsheet","status":"publish","type":"product","link":"https:\/\/ipacready.ca\/fr\/all-resources\/vaccine-hesitancy-factsheet\/","title":{"rendered":"Vaccine Hesitancy FactSheet"},"content":{"rendered":"<p><strong>English<\/strong><\/p>\n\n<!-- G\u00e9n\u00e9ration r\u00e9alis\u00e9e avec Document Gallery. Obtenez votre version ici :http:\/\/wordpress.org\/extend\/plugins\/document-gallery -->\n<div id=\"document-gallery-1\" class=\"document-gallery\" data-shortcode='{\"id\":2517,\"include\":\"2518\",\"exclude\":\"\",\"columns\":1,\"order\":\"DESC\",\"orderby\":\"post__in\",\"relation\":\"AND\",\"limit\":-1,\"mime_types\":\"application,video,text,audio,image\",\"paginate\":true,\"post_status\":\"any\",\"post_type\":\"attachment\",\"attachment_pg\":false,\"descriptions\":false,\"fancy\":false,\"new_window\":false,\"skip\":0}' data-icon-width='99'>\n<div class='document-icon-row'>\n   <div class=\"document-icon\">\n      <a href=\"https:\/\/ipacready.ca\/wp-content\/uploads\/2022\/06\/8-5x11_EN_Factsheet_QA_VaccineHesitancy2022_MOH_v3_FINAL_AODA_20220511.pdf\" target=\"_self\">\n         <img decoding=\"async\" src=\"https:\/\/ipacready.ca\/wp-content\/plugins\/document-gallery\/assets\/icons\/pdf.png\" title=\"8-5x11_EN_Factsheet_QA_VaccineHesitancy2022_MOH_v3_FINAL_AODA_20220511\" alt=\"8-5x11_EN_Factsheet_QA_VaccineHesitancy2022_MOH_v3_FINAL_AODA_20220511\" data-ext=\"pdf\"\/>\n         <span class=\"title\">8-5x11_EN_Factsheet_QA_VaccineHesitancy2022_MOH_v3_FINAL_AODA_20220511<\/span>\n      <\/a>\n   <\/div>\n\n<\/div>\n<\/div>\n<p><strong>French<\/strong><\/p>\n\n<!-- G\u00e9n\u00e9ration r\u00e9alis\u00e9e avec Document Gallery. Obtenez votre version ici :http:\/\/wordpress.org\/extend\/plugins\/document-gallery -->\n<div id=\"document-gallery-2\" class=\"document-gallery\" data-shortcode='{\"id\":2517,\"include\":\"2519\",\"exclude\":\"\",\"columns\":1,\"order\":\"DESC\",\"orderby\":\"post__in\",\"relation\":\"AND\",\"limit\":-1,\"mime_types\":\"application,video,text,audio,image\",\"paginate\":true,\"post_status\":\"any\",\"post_type\":\"attachment\",\"attachment_pg\":false,\"descriptions\":false,\"fancy\":false,\"new_window\":false,\"skip\":0}' data-icon-width='99'>\n<div class='document-icon-row'>\n   <div class=\"document-icon\">\n      <a href=\"https:\/\/ipacready.ca\/wp-content\/uploads\/2022\/06\/8-5x11_FR_Factsheet_QA_VaccineHesitancy2022_MOH_v3_FINAL_AODA_20220511.pdf\" target=\"_self\">\n         <img decoding=\"async\" src=\"https:\/\/ipacready.ca\/wp-content\/plugins\/document-gallery\/assets\/icons\/pdf.png\" title=\"8-5x11_FR_Factsheet_QA_VaccineHesitancy2022_MOH_v3_FINAL_AODA_20220511\" alt=\"8-5x11_FR_Factsheet_QA_VaccineHesitancy2022_MOH_v3_FINAL_AODA_20220511\" data-ext=\"pdf\"\/>\n         <span class=\"title\">8-5x11_FR_Factsheet_QA_VaccineHesitancy2022_MOH_v3_FINAL_AODA_20220511<\/span>\n      <\/a>\n   <\/div>\n\n<\/div>\n<\/div>\n","protected":false},"excerpt":{"rendered":"<p>English French<\/p>\n","protected":false},"featured_media":103,"template":"","meta":{"_acf_changed":false},"product_brand":[],"product_cat":[54,73],"product_tag":[],"class_list":{"0":"post-2517","1":"product","2":"type-product","3":"status-publish","4":"has-post-thumbnail","6":"product_cat-covid-19-educate","7":"product_cat-fact-sheets","9":"first","10":"instock","11":"shipping-taxable","12":"product-type-simple"},"acf":[],"_links":{"self":[{"href":"https:\/\/ipacready.ca\/fr\/wp-json\/wp\/v2\/product\/2517","targetHints":{"allow":["GET"]}}],"collection":[{"href":"https:\/\/ipacready.ca\/fr\/wp-json\/wp\/v2\/product"}],"about":[{"href":"https:\/\/ipacready.ca\/fr\/wp-json\/wp\/v2\/types\/product"}],"wp:featuredmedia":[{"embeddable":true,"href":"https:\/\/ipacready.ca\/fr\/wp-json\/wp\/v2\/media\/103"}],"wp:attachment":[{"href":"https:\/\/ipacready.ca\/fr\/wp-json\/wp\/v2\/media?parent=2517"}],"wp:term":[{"taxonomy":"product_brand","embeddable":true,"href":"https:\/\/ipacready.ca\/fr\/wp-json\/wp\/v2\/product_brand?post=2517"},{"taxonomy":"product_cat","embeddable":true,"href":"https:\/\/ipacready.ca\/fr\/wp-json\/wp\/v2\/product_cat?post=2517"},{"taxonomy":"product_tag","embeddable":true,"href":"https:\/\/ipacready.ca\/fr\/wp-json\/wp\/v2\/product_tag?post=2517"}],"curies":[{"name":"wp","href":"https:\/\/api.w.org\/{rel}","templated":true}]}}