{"id":1809,"date":"2022-06-01T14:41:41","date_gmt":"2022-06-01T18:41:41","guid":{"rendered":"https:\/\/ipacready.ca\/?post_type=product&#038;p=1809"},"modified":"2022-06-01T14:42:22","modified_gmt":"2022-06-01T18:42:22","slug":"how-to-wear-a-mask-properly","status":"publish","type":"product","link":"https:\/\/ipacready.ca\/fr\/all-resources\/how-to-wear-a-mask-properly\/","title":{"rendered":"How to wear a mask properly"},"content":{"rendered":"<p><strong>English<\/strong><\/p>\n\n<!-- G\u00e9n\u00e9ration r\u00e9alis\u00e9e avec Document Gallery. Obtenez votre version ici :http:\/\/wordpress.org\/extend\/plugins\/document-gallery -->\n<div id=\"document-gallery-1\" class=\"document-gallery\" data-shortcode='{\"id\":1809,\"include\":\"1810\",\"exclude\":\"\",\"columns\":1,\"order\":\"DESC\",\"orderby\":\"post__in\",\"relation\":\"AND\",\"limit\":-1,\"mime_types\":\"application,video,text,audio,image\",\"paginate\":true,\"post_status\":\"any\",\"post_type\":\"attachment\",\"attachment_pg\":false,\"descriptions\":false,\"fancy\":false,\"new_window\":false,\"skip\":0}' data-icon-width='99'>\n<div class='document-icon-row'>\n   <div class=\"document-icon\">\n      <a href=\"https:\/\/ipacready.ca\/wp-content\/uploads\/2022\/06\/How-to-wear-a-mask-properly.pdf\" target=\"_self\">\n         <img decoding=\"async\" src=\"https:\/\/ipacready.ca\/wp-content\/plugins\/document-gallery\/assets\/icons\/pdf.png\" title=\"How to wear a mask properly\" alt=\"How to wear a mask properly\" data-ext=\"pdf\"\/>\n         <span class=\"title\">How to wear a mask properly<\/span>\n      <\/a>\n   <\/div>\n\n<\/div>\n<\/div>\n<p>&nbsp;<\/p>\n<p><strong>French<\/strong><\/p>\n\n<!-- G\u00e9n\u00e9ration r\u00e9alis\u00e9e avec Document Gallery. Obtenez votre version ici :http:\/\/wordpress.org\/extend\/plugins\/document-gallery -->\n<div id=\"document-gallery-2\" class=\"document-gallery\" data-shortcode='{\"id\":1809,\"include\":\"1811\",\"exclude\":\"\",\"columns\":1,\"order\":\"DESC\",\"orderby\":\"post__in\",\"relation\":\"AND\",\"limit\":-1,\"mime_types\":\"application,video,text,audio,image\",\"paginate\":true,\"post_status\":\"any\",\"post_type\":\"attachment\",\"attachment_pg\":false,\"descriptions\":false,\"fancy\":false,\"new_window\":false,\"skip\":0}' data-icon-width='99'>\n<div class='document-icon-row'>\n   <div class=\"document-icon\">\n      <a href=\"https:\/\/ipacready.ca\/wp-content\/uploads\/2022\/06\/How-to-wear-a-mask-properly_FR.pdf\" target=\"_self\">\n         <img decoding=\"async\" src=\"https:\/\/ipacready.ca\/wp-content\/plugins\/document-gallery\/assets\/icons\/pdf.png\" title=\"How to wear a mask properly_FR\" alt=\"How to wear a mask properly_FR\" data-ext=\"pdf\"\/>\n         <span class=\"title\">How to wear a mask properly_FR<\/span>\n      <\/a>\n   <\/div>\n\n<\/div>\n<\/div>\n","protected":false},"excerpt":{"rendered":"<p>English &nbsp; French<\/p>\n","protected":false},"featured_media":115,"template":"","meta":{"_acf_changed":false},"product_brand":[],"product_cat":[66,82],"product_tag":[],"class_list":{"0":"post-1809","1":"product","2":"type-product","3":"status-publish","4":"has-post-thumbnail","6":"product_cat-ppe","7":"product_cat-ipac-routine-practices","9":"first","10":"instock","11":"shipping-taxable","12":"product-type-simple"},"acf":[],"_links":{"self":[{"href":"https:\/\/ipacready.ca\/fr\/wp-json\/wp\/v2\/product\/1809","targetHints":{"allow":["GET"]}}],"collection":[{"href":"https:\/\/ipacready.ca\/fr\/wp-json\/wp\/v2\/product"}],"about":[{"href":"https:\/\/ipacready.ca\/fr\/wp-json\/wp\/v2\/types\/product"}],"wp:featuredmedia":[{"embeddable":true,"href":"https:\/\/ipacready.ca\/fr\/wp-json\/wp\/v2\/media\/115"}],"wp:attachment":[{"href":"https:\/\/ipacready.ca\/fr\/wp-json\/wp\/v2\/media?parent=1809"}],"wp:term":[{"taxonomy":"product_brand","embeddable":true,"href":"https:\/\/ipacready.ca\/fr\/wp-json\/wp\/v2\/product_brand?post=1809"},{"taxonomy":"product_cat","embeddable":true,"href":"https:\/\/ipacready.ca\/fr\/wp-json\/wp\/v2\/product_cat?post=1809"},{"taxonomy":"product_tag","embeddable":true,"href":"https:\/\/ipacready.ca\/fr\/wp-json\/wp\/v2\/product_tag?post=1809"}],"curies":[{"name":"wp","href":"https:\/\/api.w.org\/{rel}","templated":true}]}}