{"id":2565,"date":"2022-06-20T11:18:02","date_gmt":"2022-06-20T15:18:02","guid":{"rendered":"https:\/\/ipacready.ca\/?page_id=2565"},"modified":"2022-06-28T10:54:00","modified_gmt":"2022-06-28T14:54:00","slug":"home","status":"publish","type":"page","link":"https:\/\/ipacready.ca\/fr\/","title":{"rendered":"Home"},"content":{"rendered":"\t\t<div data-elementor-type=\"wp-page\" data-elementor-id=\"2565\" class=\"elementor elementor-2565 elementor-172\" data-elementor-post-type=\"page\">\n\t\t\t\t\t\t<section class=\"elementor-section elementor-top-section elementor-element elementor-element-f5e386e elementor-section-content-middle elementor-reverse-mobile elementor-section-boxed elementor-section-height-default elementor-section-height-default\" data-id=\"f5e386e\" data-element_type=\"section\">\n\t\t\t\t\t\t<div class=\"elementor-container elementor-column-gap-no\">\n\t\t\t\t\t<div class=\"aux-parallax-section elementor-column elementor-col-50 elementor-top-column elementor-element elementor-element-efb6005\" data-id=\"efb6005\" data-element_type=\"column\" data-settings=\"{&quot;background_background&quot;:&quot;classic&quot;}\">\n\t\t\t<div class=\"elementor-widget-wrap elementor-element-populated\">\n\t\t\t\t\t\t<div class=\"elementor-element elementor-element-9625aa6 aux-appear-watch-animation aux-slide-from-bot elementor-widget elementor-widget-aux_modern_heading\" data-id=\"9625aa6\" data-element_type=\"widget\" data-widget_type=\"aux_modern_heading.default\">\n\t\t\t\t<div class=\"elementor-widget-container\">\n\t\t\t\t\t<section class=\"aux-widget-modern-heading\">\n            <div class=\"aux-widget-inner\"><span class=\"aux-modern-heading-primary\"><\/span><h2 class=\"aux-modern-heading-secondary\"><span class=\"aux-head-before\">Bienvenue <\/span><span class=\"aux-head-highlight\">\u00e0 IPAC Ready!<\/span><\/h2><div class=\"aux-modern-heading-description\"><p><span style=\"font-weight: 400\">Vous trouverez sur ce site une foule de ressources de pr\u00e9vention et de contr\u00f4le des infections (PCI) pertinentes pour les leaders des habitations collectives pour femmes victimes de violence, ainsi que pour les intervenants et interpr\u00e8tes.<\/span><\/p><\/div><\/div>\n        <\/section>\t\t\t\t<\/div>\n\t\t\t\t<\/div>\n\t\t\t\t<div class=\"elementor-element elementor-element-056b5c0 elementor-button-align-stretch elementor-widget elementor-widget-form\" data-id=\"056b5c0\" data-element_type=\"widget\" data-settings=\"{&quot;step_next_label&quot;:&quot;Next&quot;,&quot;step_previous_label&quot;:&quot;Previous&quot;,&quot;button_width&quot;:&quot;100&quot;,&quot;step_type&quot;:&quot;number_text&quot;,&quot;step_icon_shape&quot;:&quot;circle&quot;}\" data-widget_type=\"form.default\">\n\t\t\t\t<div class=\"elementor-widget-container\">\n\t\t\t\t\t\t\t<form class=\"elementor-form\" method=\"post\" name=\"VAWN\">\n\t\t\t<input type=\"hidden\" name=\"post_id\" value=\"2565\"\/>\n\t\t\t<input type=\"hidden\" name=\"form_id\" value=\"056b5c0\"\/>\n\t\t\t<input type=\"hidden\" name=\"referer_title\" value=\"IPAC Ready\" \/>\n\n\t\t\t\n\t\t\t<div class=\"elementor-form-fields-wrapper elementor-labels-above\">\n\t\t\t\t\t\t\t\t<div class=\"elementor-field-type-select elementor-field-group elementor-column elementor-field-group-name elementor-col-100 elementor-field-required elementor-mark-required\">\n\t\t\t\t\t\t\t\t\t\t\t\t<label for=\"form-field-name\" class=\"elementor-field-label\">\n\t\t\t\t\t\t\t\tS\u00e9lectionnez votre organisme puis cliquez sur Entrer\t\t\t\t\t\t\t<\/label>\n\t\t\t\t\t\t\t\t<div class=\"elementor-field elementor-select-wrapper remove-before \">\n\t\t\t<div class=\"select-caret-down-wrapper\">\n\t\t\t\t<i aria-hidden=\"true\" class=\"eicon-caret-down\"><\/i>\t\t\t<\/div>\n\t\t\t<select name=\"form_fields[name]\" id=\"form-field-name\" class=\"elementor-field-textual elementor-size-md\" required=\"required\">\n\t\t\t\t\t\t\t\t\t<option value=\"\"><\/option>\n\t\t\t\t\t\t\t\t\t<option value=\"Anduhyaun\">Anduhyaun<\/option>\n\t\t\t\t\t\t\t\t\t<option value=\"Canadian Helen Keller Centre\">Canadian Helen Keller Centre<\/option>\n\t\t\t\t\t\t\t\t\t<option value=\"Dr. Roz\">Dr. Roz<\/option>\n\t\t\t\t\t\t\t\t\t<option value=\"Ernestines\">Ernestines<\/option>\n\t\t\t\t\t\t\t\t\t<option value=\"Interpreter &amp; Intervenor Sector\">Interpreter &amp; Intervenor Sector<\/option>\n\t\t\t\t\t\t\t\t\t<option value=\"Interval House\">Interval House<\/option>\n\t\t\t\t\t\t\t\t\t<option value=\"Juliette`s Place\">Juliette`s Place<\/option>\n\t\t\t\t\t\t\t\t\t<option value=\"La Maison (Francophone)\">La Maison (Francophone)<\/option>\n\t\t\t\t\t\t\t\t\t<option value=\"Nellies\">Nellies<\/option>\n\t\t\t\t\t\t\t\t\t<option value=\"North York Women`s Shelter\">North York Women`s Shelter<\/option>\n\t\t\t\t\t\t\t\t\t<option value=\"Red Door\">Red Door<\/option>\n\t\t\t\t\t\t\t\t\t<option value=\"Redwood\">Redwood<\/option>\n\t\t\t\t\t\t\t\t\t<option value=\"Women`s Habitat\">Women`s Habitat<\/option>\n\t\t\t\t\t\t\t\t\t<option value=\"Yorktown Shelter\">Yorktown Shelter<\/option>\n\t\t\t\t\t\t\t\t\t<option value=\"YWCA Arise Shelter\">YWCA Arise Shelter<\/option>\n\t\t\t\t\t\t\t\t\t<option value=\"YWCA Women`s Shelter\">YWCA Women`s Shelter<\/option>\n\t\t\t\t\t\t\t\t\t<option value=\"Aucun de ces \u00e9tablissements\">Aucun de ces \u00e9tablissements<\/option>\n\t\t\t\t\t\t\t<\/select>\n\t\t<\/div>\n\t\t\t\t\t\t<\/div>\n\t\t\t\t\t\t\t\t<div class=\"elementor-field-group elementor-column elementor-field-type-submit elementor-col-100 e-form__buttons\">\n\t\t\t\t\t<button class=\"elementor-button elementor-size-sm\" type=\"submit\">\n\t\t\t\t\t\t<span class=\"elementor-button-content-wrapper\">\n\t\t\t\t\t\t\t\t\t\t\t\t\t\t\t\t\t\t\t\t\t\t<span class=\"elementor-button-text\">ENTRER<\/span>\n\t\t\t\t\t\t\t\t\t\t\t\t\t<\/span>\n\t\t\t\t\t<\/button>\n\t\t\t\t<\/div>\n\t\t\t<\/div>\n\t\t<\/form>\n\t\t\t\t\t\t<\/div>\n\t\t\t\t<\/div>\n\t\t\t\t\t<\/div>\n\t\t<\/div>\n\t\t\t\t<div class=\"aux-parallax-section elementor-column elementor-col-50 elementor-top-column elementor-element elementor-element-31d1a05\" data-id=\"31d1a05\" data-element_type=\"column\" data-settings=\"{&quot;background_background&quot;:&quot;classic&quot;}\">\n\t\t\t<div class=\"elementor-widget-wrap elementor-element-populated\">\n\t\t\t\t\t\t<div class=\"elementor-element elementor-element-f77ffa4 elementor-widget__width-auto aux-appear-watch-animation aux-scale-up-2 elementor-hidden-desktop elementor-hidden-tablet elementor-hidden-mobile elementor-widget elementor-widget-aux_image\" data-id=\"f77ffa4\" data-element_type=\"widget\" data-widget_type=\"aux_image.default\">\n\t\t\t\t<div class=\"elementor-widget-container\">\n\t\t\t\t\t<section class=\"widget-container aux-widget-image aux-alignnone aux-parent-au90b3e310\">\n    <div class=\"aux-media-hint-frame \">\n        <div class=\"aux-media-image \" >\n        \n            \n\n            \n            <img fetchpriority=\"high\" decoding=\"async\" width=\"680\" height=\"680\" src=\"data:image\/gif;base64,R0lGODlhAQABAIAAAAAAAP\/\/\/yH5BAEAAAAALAAAAAABAAEAAAIBRAA7\" class=\"aux-attachment aux-featured-image aux-attachment-id-86 aux-preload aux-blank\" alt=\"demo-attachment-1830-Mask-Group-14\" data-ratio=\"1\" data-original-w=\"680\" data-src=\"https:\/\/ipacready.ca\/wp-content\/uploads\/2020\/09\/Mask-Group-14.png\" \/>            \n                <\/div>\n    <\/div>\n\n<\/section><!-- widget-container -->\t\t\t\t<\/div>\n\t\t\t\t<\/div>\n\t\t\t\t<div class=\"aux-scroll-anim elementor-element elementor-element-c3a6a68 elementor-widget__width-auto aux-appear-watch-animation aux-fade-in elementor-widget elementor-widget-aux_image\" data-move-in=\"\" data-move-out=\"moveVertical\" data-axis-x=\"200\" data-axis-y=\"10\" data-rotate=\"90\" data-scale=\"1\" data-vp-top=\"0.5\" data-vp-bot=\"0.5\" data-el-top=\"0.2\" data-scroll-animation-off=\"1024\" data-id=\"c3a6a68\" data-element_type=\"widget\" data-widget_type=\"aux_image.default\">\n\t\t\t\t<div class=\"elementor-widget-container\">\n\t\t\t\t\t<section class=\"widget-container aux-widget-image aux-alignnone aux-parent-au0da7a741\">\n    <div class=\"aux-media-hint-frame \">\n        <div class=\"aux-media-image \" >\n        \n            \n\n            \n                        \n                <\/div>\n    <\/div>\n\n<\/section><!-- widget-container -->\t\t\t\t<\/div>\n\t\t\t\t<\/div>\n\t\t\t\t<div class=\"aux-scroll-anim elementor-element elementor-element-c363efa elementor-widget__width-auto aux-appear-watch-animation aux-fade-in-down-2 elementor-widget elementor-widget-aux_image\" data-move-in=\"\" data-move-out=\"moveVertical\" data-axis-x=\"200\" data-axis-y=\"-25\" data-rotate=\"15\" data-scale=\"1\" data-vp-top=\"0.5\" data-vp-bot=\"0.5\" data-el-top=\"0.2\" data-scroll-animation-off=\"1024\" data-id=\"c363efa\" data-element_type=\"widget\" data-widget_type=\"aux_image.default\">\n\t\t\t\t<div class=\"elementor-widget-container\">\n\t\t\t\t\t<section class=\"widget-container aux-widget-image aux-alignnone aux-parent-au7ef5a4a6\">\n    <div class=\"aux-media-hint-frame \">\n        <div class=\"aux-media-image \" >\n        \n            \n\n            \n            <img decoding=\"async\" width=\"587\" height=\"588\" src=\"data:image\/gif;base64,R0lGODlhAQABAIAAAAAAAP\/\/\/yH5BAEAAAAALAAAAAABAAEAAAIBRAA7\" class=\"aux-attachment aux-featured-image aux-attachment-id-212 aux-preload aux-blank\" alt=\"virusheader2\" data-ratio=\"1\" data-original-w=\"587\" data-src=\"https:\/\/ipacready.ca\/wp-content\/uploads\/2022\/04\/virusheader2.png\" \/>            \n                <\/div>\n    <\/div>\n\n<\/section><!-- widget-container -->\t\t\t\t<\/div>\n\t\t\t\t<\/div>\n\t\t\t\t<div class=\"aux-scroll-anim elementor-element elementor-element-3dd2f9c elementor-widget__width-auto aux-appear-watch-animation aux-fade-in-down-2 elementor-widget elementor-widget-aux_image\" data-move-in=\"\" data-move-out=\"moveVertical\" data-axis-x=\"200\" data-axis-y=\"-80\" data-rotate=\"15\" data-scale=\"1\" data-vp-top=\"0.5\" data-vp-bot=\"0.5\" data-el-top=\"0.2\" data-scroll-animation-off=\"1024\" data-id=\"3dd2f9c\" data-element_type=\"widget\" data-widget_type=\"aux_image.default\">\n\t\t\t\t<div class=\"elementor-widget-container\">\n\t\t\t\t\t<section class=\"widget-container aux-widget-image aux-alignnone aux-parent-au1d0c9f52\">\n    <div class=\"aux-media-hint-frame \">\n        <div class=\"aux-media-image \" >\n        \n            \n\n            \n            <img decoding=\"async\" width=\"587\" height=\"588\" src=\"data:image\/gif;base64,R0lGODlhAQABAIAAAAAAAP\/\/\/yH5BAEAAAAALAAAAAABAAEAAAIBRAA7\" class=\"aux-attachment aux-featured-image aux-attachment-id-209 aux-preload aux-blank\" alt=\"maskheader2\" data-ratio=\"1\" data-original-w=\"587\" sizes=\"auto\" data-srcset=\"https:\/\/ipacready.ca\/wp-content\/uploads\/2022\/04\/maskheader2-150x150.png 150w,https:\/\/ipacready.ca\/wp-content\/uploads\/2022\/04\/maskheader2-300x300.png 300w,https:\/\/ipacready.ca\/wp-content\/uploads\/2022\/04\/maskheader2.png 587w\" data-src=\"https:\/\/ipacready.ca\/wp-content\/uploads\/2022\/04\/maskheader2.png\" \/>            \n                <\/div>\n    <\/div>\n\n<\/section><!-- widget-container -->\t\t\t\t<\/div>\n\t\t\t\t<\/div>\n\t\t\t\t\t<\/div>\n\t\t<\/div>\n\t\t\t\t\t<\/div>\n\t\t<\/section>\n\t\t\t\t<\/div>\n\t\t","protected":false},"excerpt":{"rendered":"<p>Bienvenue \u00e0 IPAC Ready! Vous trouverez sur ce site une foule de ressources de pr\u00e9vention et de contr\u00f4le des infections (PCI) pertinentes pour les leaders des habitations collectives pour femmes victimes de violence, ainsi que pour les intervenants et interpr\u00e8tes.<\/p>\n","protected":false},"author":2,"featured_media":0,"parent":0,"menu_order":0,"comment_status":"closed","ping_status":"closed","template":"templates\/page-builder-content.php","meta":{"_acf_changed":false,"footnotes":""},"class_list":["post-2565","page","type-page","status-publish","hentry"],"acf":[],"_links":{"self":[{"href":"https:\/\/ipacready.ca\/fr\/wp-json\/wp\/v2\/pages\/2565","targetHints":{"allow":["GET"]}}],"collection":[{"href":"https:\/\/ipacready.ca\/fr\/wp-json\/wp\/v2\/pages"}],"about":[{"href":"https:\/\/ipacready.ca\/fr\/wp-json\/wp\/v2\/types\/page"}],"author":[{"embeddable":true,"href":"https:\/\/ipacready.ca\/fr\/wp-json\/wp\/v2\/users\/2"}],"replies":[{"embeddable":true,"href":"https:\/\/ipacready.ca\/fr\/wp-json\/wp\/v2\/comments?post=2565"}],"version-history":[{"count":5,"href":"https:\/\/ipacready.ca\/fr\/wp-json\/wp\/v2\/pages\/2565\/revisions"}],"predecessor-version":[{"id":2766,"href":"https:\/\/ipacready.ca\/fr\/wp-json\/wp\/v2\/pages\/2565\/revisions\/2766"}],"wp:attachment":[{"href":"https:\/\/ipacready.ca\/fr\/wp-json\/wp\/v2\/media?parent=2565"}],"curies":[{"name":"wp","href":"https:\/\/api.w.org\/{rel}","templated":true}]}}